{"id":177,"date":"2024-08-01T09:55:27","date_gmt":"2024-08-01T12:55:27","guid":{"rendered":"http:\/\/mnemocine.com.br\/?page_id=177"},"modified":"2025-06-08T01:56:46","modified_gmt":"2025-06-08T04:56:46","slug":"quem-somos","status":"publish","type":"page","link":"https:\/\/mnemocine.com.br\/?page_id=177","title":{"rendered":"Quem somos"},"content":{"rendered":"\n<p class=\"has-text-align-right\">&#8220;Os Gregos da \u00e9poca arcaica fizeram da Mem\u00f3ria uma deusa, Mnemosine.<\/p>\n\n\n\n<p class=\"has-text-align-right\">\u00c9 a m\u00e3e das nove musas que ela procriou no decurso de nove noites passadas com Zeus&#8221;<\/p>\n\n\n\n<p class=\"has-text-align-right\">Le Goff, Jacques in Hist\u00f3ria e Mem\u00f3ria<\/p>\n\n\n\n<p><strong>Apresenta\u00e7\u00e3o<\/strong><\/p>\n\n\n\n<p>O cinema, com mais de um s\u00e9culo de exist\u00eancia, \u00e9 deposit\u00e1rio de mem\u00f3rias e suscita reflex\u00f5es em diferentes campos das artes e das humanidades.<\/p>\n\n\n\n<p>Lan\u00e7ada em agosto de 1999, <strong><em>Mnemocine <\/em><\/strong>\u00e9 um instrumento de apoio para professores, estudantes e todos aqueles que se interessam pela hist\u00f3ria do cinema, da fotografia e do audiovisual em seu sentido mais amplo. <\/p>\n\n\n\n<p>Buscando estimular a reflex\u00e3o e pr\u00e1ticas de preserva\u00e7\u00e3o sobre documenta\u00e7\u00e3o deste g\u00eanero, <strong><em>Mnemocine <\/em><\/strong>apresenta informa\u00e7\u00f5es pedag\u00f3gicas, indica\u00e7\u00f5es de bibliografia, sites e institui\u00e7\u00f5es de ensino, assim como publica resenhas e textos ensa\u00edsticos.<\/p>\n\n\n\n<p>Nesse per\u00edodo seu conte\u00fado e edi\u00e7\u00e3o foi atualizado voluntariamente por convidados e colaboradores, divulgando a obra de cineastas brasileiros, cursos, mostras e festivais, assim como estabelecendo parcerias com\u00a0grupos de produ\u00e7\u00e3o e pesquisa dedicados a estes temas.<\/p>\n\n\n\n<p> <\/p>\n\n\n\n<p><strong><em>Presentation<\/em><\/strong><\/p>\n\n\n\n<p><em>&#8220;The ancient Greek turned memory into a goddess Mnemosyne. She was the mother of the nine muses to whom she gave birth along nine nights spent with Zeus&#8221;.<br>Le Goff, Jacques, in History and Memory.<\/em><\/p>\n\n\n\n<p><br><em>Over one century old, cinema is a depositary of several memories and give rise to reflections in different areas of the arts and humanities. Under this perspective, Mnemocine&#8217;s purpose is to build an instrument for researchers who dedicate themselves to the cinema history, the photography and the audiovisual universe as a whole. It seeks to stimulate research practices, preservation and reflection on documentation of this nature, as well as propagate the production of Brazilian moviemakers and authors.<\/em><\/p>\n\n\n\n<p><em>Created by professors, students and professionals immersed in this realm, Mnemocine&#8217;s first version brings forward basic information related with the theme and indications of links, educational and research institutions. Its database is made up of voluntary contributions for the existing sections (addition of new references) and publication of technical texts and essays in signed sections.<\/em><\/p>\n\n\n\n<p><em>With Mnemocine, we intend to bring to public notice courses and workshops, establish joint interests and work together with research and production groups, websites and institutions dedicated to these matters.<\/em><\/p>\n\n\n\n<p><em>The website pages may include texts that tell about the use of films as historical document and\/or within the pedagogical-instructional context, programs, papers, schoolwork written by students during their courses, lines of research being developed, debates, accounts of experiences about the production process of films\/videos, among other possibilities.<\/em><br><br><strong>Editores<\/strong>: Flavio Brito e Filipe Salles<\/p>\n\n\n\n<p><em>.<\/em><\/p>\n","protected":false},"excerpt":{"rendered":"<p>&#8220;Os Gregos da \u00e9poca arcaica fizeram da Mem\u00f3ria uma deusa, Mnemosine. \u00c9 a m\u00e3e das nove musas que ela procriou no decurso de nove noites passadas com Zeus&#8221; Le Goff, Jacques in Hist\u00f3ria e Mem\u00f3ria Apresenta\u00e7\u00e3o O cinema, com mais de um s\u00e9culo de exist\u00eancia, \u00e9 deposit\u00e1rio de mem\u00f3rias e suscita reflex\u00f5es em diferentes campos [&hellip;]<\/p>\n","protected":false},"author":1,"featured_media":0,"parent":0,"menu_order":0,"comment_status":"closed","ping_status":"closed","template":"","meta":{"_monsterinsights_skip_tracking":false,"_monsterinsights_sitenote_active":false,"_monsterinsights_sitenote_note":"","_monsterinsights_sitenote_category":0,"footnotes":""},"class_list":["post-177","page","type-page","status-publish","hentry"],"jetpack_sharing_enabled":true,"_links":{"self":[{"href":"https:\/\/mnemocine.com.br\/index.php?rest_route=\/wp\/v2\/pages\/177","targetHints":{"allow":["GET"]}}],"collection":[{"href":"https:\/\/mnemocine.com.br\/index.php?rest_route=\/wp\/v2\/pages"}],"about":[{"href":"https:\/\/mnemocine.com.br\/index.php?rest_route=\/wp\/v2\/types\/page"}],"author":[{"embeddable":true,"href":"https:\/\/mnemocine.com.br\/index.php?rest_route=\/wp\/v2\/users\/1"}],"replies":[{"embeddable":true,"href":"https:\/\/mnemocine.com.br\/index.php?rest_route=%2Fwp%2Fv2%2Fcomments&post=177"}],"version-history":[{"count":13,"href":"https:\/\/mnemocine.com.br\/index.php?rest_route=\/wp\/v2\/pages\/177\/revisions"}],"predecessor-version":[{"id":821,"href":"https:\/\/mnemocine.com.br\/index.php?rest_route=\/wp\/v2\/pages\/177\/revisions\/821"}],"wp:attachment":[{"href":"https:\/\/mnemocine.com.br\/index.php?rest_route=%2Fwp%2Fv2%2Fmedia&parent=177"}],"curies":[{"name":"wp","href":"https:\/\/api.w.org\/{rel}","templated":true}]}}